{"id":6138,"date":"2025-01-01T17:38:54","date_gmt":"2025-01-01T20:38:54","guid":{"rendered":"https:\/\/diariodegarca.com\/?page_id=6138"},"modified":"2025-09-18T09:57:02","modified_gmt":"2025-09-18T12:57:02","slug":"cidades","status":"publish","type":"page","link":"https:\/\/diariodegarca.com\/?page_id=6138","title":{"rendered":"Cidades"},"content":{"rendered":"\n<p class=\"wp-block-paragraph\">Confira a dist\u00e2ncia de Gar\u00e7a at\u00e9 algumas cidades vizinhas!&nbsp;<\/p>\n\n\n\n<p class=\"wp-block-paragraph\">Se quiser ler as not\u00edcias que j\u00e1 publicamos sobre elas, basta clicar no nome da cidade para ser redirecionado.&nbsp;<\/p>\n\n\n\n<p class=\"wp-block-paragraph\">Aproveite para explorar as informa\u00e7\u00f5es e ficar por dentro do que acontece na regi\u00e3o.&nbsp;&nbsp;<\/p>\n\n\n\n<ul class=\"wp-block-list\">\n<li><strong><a href=\"https:\/\/diariodegarca.com\/?tag=alvaro-de-carvalho\" data-type=\"link\" data-id=\"https:\/\/diariodegarca.com\/?cat=29815376\">\u00c1lvaro de Carvalho<\/a><\/strong>&nbsp;&#8211; 18 km<\/li>\n\n\n\n<li><a href=\"https:\/\/diariodegarca.com\/?tag=vera-cruz\"><strong>Vera Cruz<\/strong>&nbsp;<\/a>&#8211; 20 km<\/li>\n\n\n\n<li><strong><a href=\"https:\/\/diariodegarca.com\/?tag=galia\" data-type=\"link\" data-id=\"https:\/\/diariodegarca.com\/?tag=galia\">G\u00e1lia<\/a><\/strong>&nbsp;&#8211; 20 km<\/li>\n\n\n\n<li><strong><a href=\"https:\/\/diariodegarca.com\/?tag=fernao\" data-type=\"link\" data-id=\"https:\/\/diariodegarca.com\/?tag=fernao\">Fern\u00e3o<\/a><\/strong>&nbsp;&#8211; 29 km<\/li>\n\n\n\n<li><strong><a href=\"https:\/\/diariodegarca.com\/?tag=marilia\">Mar\u00edlia<\/a><\/strong>&nbsp;&#8211; 34 km<\/li>\n\n\n\n<li><strong><a href=\"https:\/\/diariodegarca.com\/?tag=guaranta\">Guarant\u00e3<\/a><\/strong>&nbsp;&#8211; 37 km<\/li>\n\n\n\n<li><strong><a href=\"https:\/\/diariodegarca.com\/?tag=julio-mesquita\" data-type=\"link\" data-id=\"https:\/\/diariodegarca.com\/?tag=julio-mesquita\">J\u00falio Mesquita<\/a><\/strong>&nbsp;&#8211; 31 km<\/li>\n\n\n\n<li><strong><a href=\"https:\/\/diariodegarca.com\/?tag=alvinlandia\">Alvinl\u00e2ndia<\/a><\/strong>&nbsp;&#8211; 38 km<\/li>\n\n\n\n<li><strong><a href=\"https:\/\/diariodegarca.com\/?tag=lupercio\" data-type=\"link\" data-id=\"https:\/\/diariodegarca.com\/?tag=lupercio\">Lup\u00e9rcio<\/a><\/strong>&nbsp;&#8211; 38 km<\/li>\n\n\n\n<li><strong><a href=\"https:\/\/diariodegarca.com\/?tag=lucianopolis\" data-type=\"link\" data-id=\"https:\/\/diariodegarca.com\/?tag=lucianopolis\">Lucian\u00f3polis<\/a><\/strong>&nbsp;&#8211; 39 km<\/li>\n\n\n\n<li><strong><a href=\"https:\/\/diariodegarca.com\/?tag=duartina\" data-type=\"link\" data-id=\"https:\/\/diariodegarca.com\/?tag=duartina\">Duartina<\/a><\/strong>&nbsp;&#8211; 47 km<\/li>\n\n\n\n<li><strong><a href=\"https:\/\/diariodegarca.com\/?tag=guaimbe\">Guaimb\u00ea<\/a><\/strong>&nbsp;&#8211; 54 km<\/li>\n\n\n\n<li><strong><a href=\"https:\/\/diariodegarca.com\/?tag=avencas\">Avencas<\/a><\/strong>&nbsp;&#8211; 54 km<\/li>\n\n\n\n<li><strong><a href=\"https:\/\/diariodegarca.com\/?tag=ubirajara\" data-type=\"link\" data-id=\"https:\/\/diariodegarca.com\/?tag=ubirajara\">Ubirajara<\/a><\/strong>&nbsp;&#8211; 55 km<\/li>\n\n\n\n<li><strong><a href=\"https:\/\/diariodegarca.com\/?tag=ocaucu\">Ocau\u00e7u<\/a><\/strong>&nbsp;&#8211; 55 km<\/li>\n\n\n\n<li><strong><a href=\"https:\/\/diariodegarca.com\/?tag=oriente\" data-type=\"link\" data-id=\"https:\/\/diariodegarca.com\/?tag=oriente\">Oriente<\/a><\/strong>&nbsp;&#8211; 56 km<\/li>\n\n\n\n<li><strong><a href=\"https:\/\/diariodegarca.com\/?tag=avai\" data-type=\"link\" data-id=\"https:\/\/diariodegarca.com\/?tag=avai\">Ava\u00ed<\/a><\/strong>&nbsp;&#8211; 60 km<\/li>\n\n\n\n<li><strong><a href=\"https:\/\/diariodegarca.com\/?tag=pompeia\" data-type=\"link\" data-id=\"https:\/\/diariodegarca.com\/?tag=pompeia\">Pomp\u00e9ia<\/a><\/strong>&nbsp;&#8211; 64 km<\/li>\n\n\n\n<li><strong><a href=\"https:\/\/diariodegarca.com\/?tag=cafelandia\" data-type=\"link\" data-id=\"https:\/\/diariodegarca.com\/?tag=cafelandia\">Cafel\u00e2ndia<\/a><\/strong>&nbsp;&#8211; 71 km<\/li>\n\n\n\n<li><strong><a href=\"https:\/\/diariodegarca.com\/?tag=bauru\" data-type=\"link\" data-id=\"https:\/\/diariodegarca.com\/?tag=bauru\">Bauru<\/a><\/strong>&nbsp;&#8211; 71 km<\/li>\n\n\n\n<li><strong><a href=\"https:\/\/diariodegarca.com\/?tag=piratininga\" data-type=\"link\" data-id=\"https:\/\/diariodegarca.com\/?tag=piratininga\">Piratininga<\/a><\/strong>&nbsp;&#8211; 71 km<\/li>\n\n\n\n<li><strong><a href=\"https:\/\/diariodegarca.com\/?tag=echapora\" data-type=\"link\" data-id=\"https:\/\/diariodegarca.com\/?tag=echapora\">Echapor\u00e3<\/a><\/strong>&nbsp;&#8211; 74 km<\/li>\n\n\n\n<li><strong><a href=\"https:\/\/diariodegarca.com\/?tag=oscar-bressani\" data-type=\"link\" data-id=\"https:\/\/diariodegarca.com\/?tag=oscar-bressani\">Oscar Bressani<\/a><\/strong>&nbsp;&#8211; 75 km<\/li>\n\n\n\n<li><strong><a href=\"https:\/\/diariodegarca.com\/?tag=paulistania\" data-type=\"link\" data-id=\"https:\/\/diariodegarca.com\/?tag=paulistania\">Paulist\u00e2nia<\/a><\/strong>&nbsp;&#8211; 76 km<\/li>\n\n\n\n<li><strong><a href=\"https:\/\/diariodegarca.com\/?tag=campos-novos-paulista\" data-type=\"link\" data-id=\"https:\/\/diariodegarca.com\/?tag=campos-novos-paulista\">Campos Novos Paulista<\/a><\/strong>&nbsp;&#8211; 78 km<\/li>\n\n\n\n<li><strong><a href=\"https:\/\/diariodegarca.com\/?tag=getulina\">Getulina<\/a><\/strong>&nbsp;&#8211; 79 km<\/li>\n\n\n\n<li><strong><a href=\"https:\/\/diariodegarca.com\/?tag=pirajui\" data-type=\"link\" data-id=\"https:\/\/diariodegarca.com\/?tag=pirajui\">Piraju\u00ed<\/a><\/strong>&nbsp;&#8211; 80 km<\/li>\n\n\n\n<li><strong><a href=\"https:\/\/diariodegarca.com\/?tag=quintana\" data-type=\"link\" data-id=\"https:\/\/diariodegarca.com\/?tag=quintana\">Quintana<\/a><\/strong>&nbsp;&#8211; 82 km<\/li>\n\n\n\n<li><strong><a href=\"https:\/\/diariodegarca.com\/?tag=espirito-santo-do-turvo\" data-type=\"link\" data-id=\"https:\/\/diariodegarca.com\/?tag=espirito-santo-do-turvo\">Espirito Santo do Turvo<\/a><\/strong>&nbsp;&#8211; 86 km<\/li>\n\n\n\n<li><strong><a href=\"https:\/\/diariodegarca.com\/?tag=ribeirao-do-sul\" data-type=\"link\" data-id=\"https:\/\/diariodegarca.com\/?tag=ribeirao-do-sul\">Ribeir\u00e3o do Sul<\/a><\/strong>&nbsp;&#8211; 88 km<\/li>\n\n\n\n<li><strong><a href=\"https:\/\/diariodegarca.com\/?tag=lutecia\" data-type=\"link\" data-id=\"https:\/\/diariodegarca.com\/?tag=lutecia\">Lut\u00e9cia<\/a><\/strong>&nbsp;&#8211; 90 km<\/li>\n\n\n\n<li><strong><a href=\"https:\/\/diariodegarca.com\/?tag=herculandia\" data-type=\"link\" data-id=\"https:\/\/diariodegarca.com\/?tag=herculandia\">Hercul\u00e2ndia<\/a><\/strong>&nbsp;&#8211; 95 km<\/li>\n\n\n\n<li><strong><a href=\"https:\/\/diariodegarca.com\/?tag=agudos\">Agudos<\/a><\/strong>&nbsp;&#8211; 96 km<\/li>\n\n\n\n<li><strong><a href=\"https:\/\/diariodegarca.com\/?tag=assis\">Assis<\/a><\/strong>&nbsp;&#8211; 106 km<\/li>\n\n\n\n<li><strong><a href=\"https:\/\/diariodegarca.com\/?tag=queiroz\">Queiroz<\/a><\/strong>&nbsp;&#8211; 106 km<\/li>\n\n\n\n<li><strong><a href=\"https:\/\/diariodegarca.com\/?tag=ourinhos\" data-type=\"link\" data-id=\"https:\/\/diariodegarca.com\/?tag=ourinhos\">Ourinhos<\/a><\/strong>&nbsp;&#8211; 107 km<\/li>\n\n\n\n<li><strong><a href=\"https:\/\/diariodegarca.com\/?tag=tupa\" data-type=\"link\" data-id=\"https:\/\/diariodegarca.com\/?tag=tupa\">Tup\u00e3<\/a><\/strong>&nbsp;&#8211; 111 km<\/li>\n\n\n\n<li><strong><a href=\"https:\/\/diariodegarca.com\/?tag=salto-grande\" data-type=\"link\" data-id=\"https:\/\/diariodegarca.com\/?tag=salto-grande\">Salto Grande<\/a><\/strong>&nbsp;&#8211; 111 km<\/li>\n\n\n\n<li><strong><a href=\"https:\/\/diariodegarca.com\/?tag=paraguacu-paulista\" data-type=\"link\" data-id=\"https:\/\/diariodegarca.com\/?tag=paraguacu-paulista\">Paragua\u00e7u Paulista<\/a><\/strong>&nbsp;&#8211; 112 km<\/li>\n\n\n\n<li><strong><a href=\"https:\/\/diariodegarca.com\/?tag=pederneiras\" data-type=\"link\" data-id=\"https:\/\/diariodegarca.com\/?tag=pederneiras\">Pederneiras<\/a><\/strong>&nbsp;&#8211; 113 km<\/li>\n\n\n\n<li><strong><a href=\"https:\/\/diariodegarca.com\/?tag=cervinho\" data-type=\"link\" data-id=\"https:\/\/diariodegarca.com\/?tag=cervinho\">Cervinho<\/a><\/strong>\u00a0&#8211; 112 km<\/li>\n\n\n\n<li><strong><a href=\"https:\/\/diariodegarca.com\/?tag=candido-mota\" data-type=\"link\" data-id=\"https:\/\/diariodegarca.com\/?tag=candido-mota\">C\u00e2ndido Mota<\/a><\/strong>\u00a0&#8211; 116 km<\/li>\n\n\n\n<li><strong><a href=\"https:\/\/diariodegarca.com\/?tag=bora\" data-type=\"link\" data-id=\"https:\/\/diariodegarca.com\/?tag=bora\">Bor\u00e1<\/a><\/strong>\u00a0&#8211; 118 km<\/li>\n\n\n\n<li><strong><a href=\"https:\/\/diariodegarca.com\/?tag=borebi\" data-type=\"link\" data-id=\"https:\/\/diariodegarca.com\/?tag=borebi\">Borebi<\/a><\/strong>\u00a0&#8211; 118 km<\/li>\n\n\n\n<li><strong><a href=\"https:\/\/diariodegarca.com\/?tag=lencois-paulista\" data-type=\"link\" data-id=\"https:\/\/diariodegarca.com\/?tag=lencois-paulista\">Len\u00e7\u00f3is Paulista<\/a><\/strong>&nbsp;&#8211; 119 km<\/li>\n\n\n\n<li><strong><a href=\"https:\/\/diariodegarca.com\/?tag=santa-cruz-do-rio-pardo\" data-type=\"link\" data-id=\"https:\/\/diariodegarca.com\/?tag=santa-cruz-do-rio-pardo\">Santa Cruz do Rio Pardo<\/a><\/strong>\u00a0&#8211; 120 km<\/li>\n\n\n\n<li><strong><a href=\"https:\/\/diariodegarca.com\/?tag=platina\" data-type=\"link\" data-id=\"https:\/\/diariodegarca.com\/?tag=platina\">Platina<\/a><\/strong>\u00a0&#8211; 124 km<\/li>\n\n\n\n<li><strong><a href=\"https:\/\/diariodegarca.com\/?tag=oleo\" data-type=\"link\" data-id=\"https:\/\/diariodegarca.com\/?tag=oleo\">\u00d3leo<\/a><\/strong>\u00a0&#8211; 125 km<\/li>\n\n\n\n<li><strong><a href=\"https:\/\/diariodegarca.com\/?tag=taruma\" data-type=\"link\" data-id=\"https:\/\/diariodegarca.com\/?tag=taruma\">Tarum\u00e3<\/a><\/strong>\u00a0&#8211; 126 km<\/li>\n\n\n\n<li><strong><a href=\"https:\/\/diariodegarca.com\/?tag=chavantes\" data-type=\"link\" data-id=\"https:\/\/diariodegarca.com\/?tag=chavantes\">Chavantes<\/a><\/strong>\u00a0&#8211; 127 km<\/li>\n\n\n\n<li><strong><a href=\"https:\/\/diariodegarca.com\/?tag=aguas-de-santa-barbara\" data-type=\"link\" data-id=\"https:\/\/diariodegarca.com\/?tag=aguas-de-santa-barbara\">\u00c1guas de Santa B\u00e1rbara<\/a><\/strong>\u00a0&#8211; 128 km<\/li>\n\n\n\n<li><strong><a href=\"https:\/\/diariodegarca.com\/?tag=cambara\" data-type=\"link\" data-id=\"https:\/\/diariodegarca.com\/?tag=cambara\">Cambar\u00e1<\/a><\/strong>\u00a0&#8211; 129 km<\/li>\n\n\n\n<li><strong><a href=\"https:\/\/diariodegarca.com\/?tag=jau\" data-type=\"link\" data-id=\"https:\/\/diariodegarca.com\/?tag=jau\">Ja\u00fa<\/a><\/strong>\u00a0&#8211; 130 km<\/li>\n\n\n\n<li><strong><a href=\"https:\/\/diariodegarca.com\/?tag=quata\" data-type=\"link\" data-id=\"https:\/\/diariodegarca.com\/?tag=quata\">Quat\u00e1<\/a><\/strong>\u00a0&#8211; 131 km<\/li>\n\n\n\n<li><strong><a href=\"https:\/\/diariodegarca.com\/?tag=iacri\" data-type=\"link\" data-id=\"https:\/\/diariodegarca.com\/?tag=iacri\">Iacri<\/a><\/strong>\u00a0&#8211; 132 km<\/li>\n\n\n\n<li><strong><a href=\"https:\/\/diariodegarca.com\/?tag=arco-iris\" data-type=\"link\" data-id=\"https:\/\/diariodegarca.com\/?tag=arco-iris\">Arco-\u00cdris<\/a><\/strong>\u00a0&#8211; 132 km<\/li>\n\n\n\n<li><strong><a href=\"https:\/\/diariodegarca.com\/?tag=jacarezinho\" data-type=\"link\" data-id=\"https:\/\/diariodegarca.com\/?tag=jacarezinho\">Jacarezinho<\/a><\/strong>\u00a0&#8211; 132 km<\/li>\n\n\n\n<li><strong><a href=\"https:\/\/diariodegarca.com\/?tag=macatuba\" data-type=\"link\" data-id=\"https:\/\/diariodegarca.com\/?tag=macatuba\">Macatuba<\/a><\/strong>\u00a0&#8211; 134 km<\/li>\n\n\n\n<li><strong><a href=\"https:\/\/diariodegarca.com\/?tag=ipaussu\" data-type=\"link\" data-id=\"https:\/\/diariodegarca.com\/?tag=ipaussu\">Ipaussu<\/a><\/strong>\u00a0&#8211; 136 km<\/li>\n\n\n\n<li><strong><a href=\"https:\/\/diariodegarca.com\/?tag=penapolis\" data-type=\"link\" data-id=\"https:\/\/diariodegarca.com\/?tag=penapolis\">Pen\u00e1polis<\/a><\/strong>\u00a0&#8211; 137 km<\/li>\n\n\n\n<li><strong><a href=\"https:\/\/diariodegarca.com\/?tag=bastos\" data-type=\"link\" data-id=\"https:\/\/diariodegarca.com\/?tag=bastos\">Bastos<\/a><\/strong>\u00a0&#8211; 140 km<\/li>\n\n\n\n<li><strong><a href=\"https:\/\/diariodegarca.com\/?tag=bernadino-de-campos\" data-type=\"link\" data-id=\"https:\/\/diariodegarca.com\/?tag=bernadino-de-campos\">Bernardino de Campos<\/a><\/strong>\u00a0&#8211; 142 km<\/li>\n\n\n\n<li><strong><a href=\"https:\/\/diariodegarca.com\/?tag=manduri\" data-type=\"link\" data-id=\"https:\/\/diariodegarca.com\/?tag=manduri\">Manduri<\/a><\/strong>\u00a0&#8211; 145 km<\/li>\n\n\n\n<li><strong><a href=\"https:\/\/diariodegarca.com\/?tag=parapua\">Parapu\u00e3<\/a><\/strong> &#8211; 146km<\/li>\n\n\n\n<li><strong><a href=\"https:\/\/diariodegarca.com\/?tag=sao-manuel\" data-type=\"link\" data-id=\"https:\/\/diariodegarca.com\/?tag=sao-manuel\">S\u00e3o Manuel<\/a><\/strong>\u00a0&#8211; 148 km<\/li>\n\n\n\n<li><strong><a href=\"https:\/\/diariodegarca.com\/?tag=barra-bonita\" data-type=\"link\" data-id=\"https:\/\/diariodegarca.com\/?tag=barra-bonita\">Barra Bonita<\/a><\/strong>\u00a0&#8211; 148 km<\/li>\n\n\n\n<li><strong><a href=\"https:\/\/diariodegarca.com\/?tag=rancharia\" data-type=\"link\" data-id=\"https:\/\/diariodegarca.com\/?tag=rancharia\">Rancharia<\/a><\/strong>\u00a0&#8211; 149 km<\/li>\n\n\n\n<li><strong><a href=\"https:\/\/diariodegarca.com\/?tag=cerqueira-cesar\" data-type=\"link\" data-id=\"https:\/\/diariodegarca.com\/?tag=cerqueira-cesar\">Cerqueira C\u00e9sar<\/a><\/strong>\u00a0&#8211; 149 km<\/li>\n\n\n\n<li><strong><a href=\"https:\/\/diariodegarca.com\/?tag=florinea\" data-type=\"link\" data-id=\"https:\/\/diariodegarca.com\/?tag=florinea\">Flor\u00ednea<\/a><\/strong>\u00a0&#8211; 152 km<\/li>\n\n\n\n<li><strong>It\u00e1polis<\/strong>&nbsp;&#8211; 152 km<\/li>\n\n\n\n<li><strong>Igara\u00e7u do Tiet\u00ea<\/strong>&nbsp;&#8211; 152 km<\/li>\n\n\n\n<li><strong>Mineiros do Tiet\u00ea<\/strong>&nbsp;&#8211; 153 km<\/li>\n\n\n\n<li><strong>Birigui<\/strong>&nbsp;&#8211; 156 km<\/li>\n\n\n\n<li><strong>Osvaldo Cruz<\/strong>&nbsp;&#8211; 157 km<\/li>\n\n\n\n<li><strong>Ibitinga<\/strong>&nbsp;&#8211; 161 km<\/li>\n\n\n\n<li><strong>Dois C\u00f3rregos<\/strong>&nbsp;&#8211; 161 km<\/li>\n\n\n\n<li><strong>Itajobi<\/strong>&nbsp;&#8211; 163 km<\/li>\n\n\n\n<li><strong>Jos\u00e9 Bonif\u00e1cio<\/strong>&nbsp;&#8211; 166 km<\/li>\n\n\n\n<li><strong>Tabatinga<\/strong>&nbsp;&#8211; 171 km<\/li>\n\n\n\n<li><strong>Urup\u00eas<\/strong>&nbsp;&#8211; 172 km<\/li>\n\n\n\n<li><strong>Adamantina<\/strong>&nbsp;&#8211; 178 km<\/li>\n\n\n\n<li><strong>Avar\u00e9<\/strong>&nbsp;&#8211; 190 km<\/li>\n\n\n\n<li><strong>Sarutai\u00e1<\/strong>&nbsp;&#8211; 186 km<\/li>\n\n\n\n<li><strong>Brotas<\/strong>&nbsp;&#8211; 188 km<\/li>\n\n\n\n<li><strong>Ribeir\u00e3o Bonito<\/strong>&nbsp;&#8211; 195 km<\/li>\n\n\n\n<li><strong>Fartura<\/strong>&nbsp;&#8211; 203 km<\/li>\n\n\n\n<li><strong>Tagua\u00ed<\/strong>&nbsp;&#8211; 214 km<\/li>\n\n\n\n<li><strong>S\u00e3o Carlos<\/strong>&nbsp;&#8211; 230 km<\/li>\n<\/ul>\n\n\n\n<p class=\"wp-block-paragraph\">Aten\u00e7\u00e3o: Como somos um ve\u00edculo recente, algumas cidades ainda n\u00e3o possuem not\u00edcias relacionadas em nosso site.&nbsp;<\/p>\n\n\n\n<p class=\"wp-block-paragraph\">Em alguns casos, isso ocorre devido \u00e0 dist\u00e2ncia maior em rela\u00e7\u00e3o a Gar\u00e7a.&nbsp;<\/p>\n\n\n\n<p class=\"wp-block-paragraph\">Estamos trabalhando para expandir nossa cobertura e trazer cada vez mais conte\u00fado para voc\u00ea! Fique de olho nas atualiza\u00e7\u00f5es.&nbsp;&nbsp;<\/p>\n","protected":false},"excerpt":{"rendered":"<p>Confira a dist\u00e2ncia de Gar\u00e7a at\u00e9 algumas cidades vizinhas!&nbsp; Se quiser ler as not\u00edcias que j\u00e1 publicamos sobre elas, basta clicar no nome da cidade para ser redirecionado.&nbsp; Aproveite para explorar as informa\u00e7\u00f5es e ficar por dentro do que acontece na regi\u00e3o.&nbsp;&nbsp; Aten\u00e7\u00e3o: Como somos um ve\u00edculo recente, algumas cidades ainda n\u00e3o possuem not\u00edcias relacionadas [&hellip;]<\/p>\n","protected":false},"author":260896546,"featured_media":0,"parent":0,"menu_order":0,"comment_status":"closed","ping_status":"closed","template":"","meta":{"_crdt_document":"","_monsterinsights_skip_tracking":false,"_monsterinsights_sitenote_active":false,"_monsterinsights_sitenote_note":"","_monsterinsights_sitenote_category":0,"advanced_seo_description":"","jetpack_seo_html_title":"","jetpack_seo_noindex":false,"footnotes":""},"class_list":["post-6138","page","type-page","status-publish","hentry"],"jetpack_likes_enabled":true,"jetpack_sharing_enabled":true,"jetpack_shortlink":"https:\/\/wp.me\/Pgitne-1B0","jetpack-related-posts":[],"_links":{"self":[{"href":"https:\/\/diariodegarca.com\/index.php?rest_route=\/wp\/v2\/pages\/6138","targetHints":{"allow":["GET"]}}],"collection":[{"href":"https:\/\/diariodegarca.com\/index.php?rest_route=\/wp\/v2\/pages"}],"about":[{"href":"https:\/\/diariodegarca.com\/index.php?rest_route=\/wp\/v2\/types\/page"}],"author":[{"embeddable":true,"href":"https:\/\/diariodegarca.com\/index.php?rest_route=\/wp\/v2\/users\/260896546"}],"replies":[{"embeddable":true,"href":"https:\/\/diariodegarca.com\/index.php?rest_route=%2Fwp%2Fv2%2Fcomments&post=6138"}],"version-history":[{"count":15,"href":"https:\/\/diariodegarca.com\/index.php?rest_route=\/wp\/v2\/pages\/6138\/revisions"}],"predecessor-version":[{"id":6874,"href":"https:\/\/diariodegarca.com\/index.php?rest_route=\/wp\/v2\/pages\/6138\/revisions\/6874"}],"wp:attachment":[{"href":"https:\/\/diariodegarca.com\/index.php?rest_route=%2Fwp%2Fv2%2Fmedia&parent=6138"}],"curies":[{"name":"wp","href":"https:\/\/api.w.org\/{rel}","templated":true}]}}